{"id":2495,"date":"2023-04-24T04:44:41","date_gmt":"2023-04-24T04:44:41","guid":{"rendered":"https:\/\/cozystay.loftocean.com\/mountain-hotel\/?page_id=13"},"modified":"2024-06-03T11:29:55","modified_gmt":"2024-06-03T11:29:55","slug":"contact","status":"publish","type":"page","link":"https:\/\/ladressedakar.com\/en\/contact\/","title":{"rendered":"Contact"},"content":{"rendered":"<div data-elementor-type=\"wp-page\" data-elementor-id=\"2495\" class=\"elementor elementor-2495\">\n\t\t\t\t\t\t<section class=\"elementor-section elementor-top-section elementor-element elementor-element-3721c029 elementor-section-height-min-height cs-section-content-fullwidth cs-parallax-on-scroll cs_scroll_y_80 elementor-section-boxed elementor-section-height-default elementor-section-items-middle\" data-id=\"3721c029\" data-element_type=\"section\" data-settings=\"{&quot;background_background&quot;:&quot;classic&quot;}\" data-cs-parallax-y=\"80\" style=\"background-image: none;\" data-cs-background-image=\"https:\/\/ladressedakar.com\/wp-content\/uploads\/2024\/05\/DSC_3584.jpg\">\n\t\t\t\t\t\t\t<div class=\"elementor-background-overlay\"><\/div>\n\t\t\t\t\t\t\t<div class=\"elementor-container elementor-column-gap-no\">\n\t\t\t\t\t<div class=\"elementor-column elementor-col-100 elementor-top-column elementor-element elementor-element-1dd27aea dark-color\" data-id=\"1dd27aea\" data-element_type=\"column\">\n\t\t\t<div class=\"elementor-widget-wrap elementor-element-populated\">\n\t\t\t\t\t\t<div class=\"elementor-element elementor-element-510107fc elementor-widget elementor-widget-cs_title\" data-id=\"510107fc\" data-element_type=\"widget\" data-widget_type=\"cs_title.default\">\n\t\t\t\t<div class=\"elementor-widget-container\">\n\t\t\t\t\t\n        <div class=\"cs-title-wrap text-center\">\t            <h1 class=\"cs-title\">\n\t                Contact\t            <\/h1>\t            <div class=\"cs-title-text\">\n\t                <p>For reservations and inquiries, please call us or write to us.<\/p>\t            <\/div>        <\/div>\t\t\t\t<\/div>\n\t\t\t\t<\/div>\n\t\t\t\t\t<\/div>\n\t\t<\/div>\n\t\t\t\t\t<\/div>\n\t\t<\/section>\n\t\t\t\t<section class=\"elementor-section elementor-top-section elementor-element elementor-element-075d68b elementor-section-boxed elementor-section-height-default elementor-section-height-default elementor-invisible\" data-id=\"075d68b\" data-element_type=\"section\" data-settings=\"{&quot;background_background&quot;:&quot;classic&quot;,&quot;animation&quot;:&quot;fadeIn&quot;,&quot;animation_delay&quot;:150}\">\n\t\t\t\t\t\t<div class=\"elementor-container elementor-column-gap-no\">\n\t\t\t\t\t<div class=\"elementor-column elementor-col-50 elementor-top-column elementor-element elementor-element-1a4680f\" data-id=\"1a4680f\" data-element_type=\"column\" data-settings=\"{&quot;background_background&quot;:&quot;classic&quot;}\">\n\t\t\t<div class=\"elementor-widget-wrap elementor-element-populated\">\n\t\t\t\t\t\t<div class=\"elementor-element elementor-element-446df4b elementor-widget elementor-widget-spacer\" data-id=\"446df4b\" data-element_type=\"widget\" data-widget_type=\"spacer.default\">\n\t\t\t\t<div class=\"elementor-widget-container\">\n\t\t\t\t\t\t\t<div class=\"elementor-spacer\">\n\t\t\t<div class=\"elementor-spacer-inner\"><\/div>\n\t\t<\/div>\n\t\t\t\t\t\t<\/div>\n\t\t\t\t<\/div>\n\t\t\t\t\t<\/div>\n\t\t<\/div>\n\t\t\t\t<div class=\"elementor-column elementor-col-50 elementor-top-column elementor-element elementor-element-4e0a982\" data-id=\"4e0a982\" data-element_type=\"column\" data-settings=\"{&quot;background_background&quot;:&quot;classic&quot;}\">\n\t\t\t<div class=\"elementor-widget-wrap elementor-element-populated\">\n\t\t\t\t\t\t<div class=\"elementor-element elementor-element-8ff0c70 elementor-widget elementor-widget-cs_title\" data-id=\"8ff0c70\" data-element_type=\"widget\" data-widget_type=\"cs_title.default\">\n\t\t\t\t<div class=\"elementor-widget-container\">\n\t\t\t\t\t\n        <div class=\"cs-title-wrap text-center\">\t            <div class=\"cs-subtitle-wrap\"><span class=\"cs-subtitle\">CONTACT US FOR MORE DETAILS<\/span><\/div>        <\/div>\t\t\t\t<\/div>\n\t\t\t\t<\/div>\n\t\t\t\t<div class=\"elementor-element elementor-element-119c77a elementor-widget elementor-widget-cs_form_cf7\" data-id=\"119c77a\" data-element_type=\"widget\" data-widget_type=\"cs_form_cf7.default\">\n\t\t\t\t<div class=\"elementor-widget-container\">\n\t\t\t\t\t            <div class=\"cs-form-cf7 placeholder-normal\">\n                <div class=\"cs-form-cf7-wrap\">\n<div class=\"wpcf7 no-js\" id=\"wpcf7-f7-o1\" lang=\"en-US\" dir=\"ltr\" data-wpcf7-id=\"7\">\n<div class=\"screen-reader-response\"><p role=\"status\" aria-live=\"polite\" aria-atomic=\"true\"><\/p> <ul><\/ul><\/div>\n<form action=\"\/en\/wp-json\/wp\/v2\/pages\/2495#wpcf7-f7-o1\" method=\"post\" class=\"wpcf7-form init\" aria-label=\"Contact form\" novalidate=\"novalidate\" data-status=\"init\" data-trp-original-action=\"\/en\/wp-json\/wp\/v2\/pages\/2495#wpcf7-f7-o1\">\n<fieldset class=\"hidden-fields-container\"><input type=\"hidden\" name=\"_wpcf7\" value=\"7\" \/><input type=\"hidden\" name=\"_wpcf7_version\" value=\"6.1.2\" \/><input type=\"hidden\" name=\"_wpcf7_locale\" value=\"en_US\" \/><input type=\"hidden\" name=\"_wpcf7_unit_tag\" value=\"wpcf7-f7-o1\" \/><input type=\"hidden\" name=\"_wpcf7_container_post\" value=\"0\" \/><input type=\"hidden\" name=\"_wpcf7_posted_data_hash\" value=\"\" \/><input type=\"hidden\" name=\"_wpcf7_recaptcha_response\" value=\"\" \/>\n<\/fieldset>\n<p><label> Your Name<br \/>\n<span class=\"wpcf7-form-control-wrap\" data-name=\"your-name\"><input size=\"40\" maxlength=\"400\" class=\"wpcf7-form-control wpcf7-text wpcf7-validates-as-required\" autocomplete=\"name\" aria-required=\"true\" aria-invalid=\"false\" value=\"\" type=\"text\" name=\"your-name\" \/><\/span> <\/label>\n<\/p>\n<p><label> Your email<br \/>\n<span class=\"wpcf7-form-control-wrap\" data-name=\"your-email\"><input size=\"40\" maxlength=\"400\" class=\"wpcf7-form-control wpcf7-email wpcf7-validates-as-required wpcf7-text wpcf7-validates-as-email\" autocomplete=\"email\" aria-required=\"true\" aria-invalid=\"false\" value=\"\" type=\"email\" name=\"your-email\" \/><\/span> <\/label>\n<\/p>\n<p><label> Subject<br \/>\n<span class=\"wpcf7-form-control-wrap\" data-name=\"your-subject\"><input size=\"40\" maxlength=\"400\" class=\"wpcf7-form-control wpcf7-text wpcf7-validates-as-required\" aria-required=\"true\" aria-invalid=\"false\" value=\"\" type=\"text\" name=\"your-subject\" \/><\/span> <\/label>\n<\/p>\n<p><label> Your message<br \/>\n<span class=\"wpcf7-form-control-wrap\" data-name=\"your-message\"><textarea cols=\"40\" rows=\"10\" maxlength=\"2000\" class=\"wpcf7-form-control wpcf7-textarea\" aria-invalid=\"false\" name=\"your-message\"><\/textarea><\/span> <\/label>\n<\/p>\n<p><input class=\"wpcf7-form-control wpcf7-submit has-spinner\" type=\"submit\" value=\"Submit\" \/>\n<\/p><div class=\"wpcf7-response-output\" aria-hidden=\"true\"><\/div>\n<input type=\"hidden\" name=\"trp-form-language\" value=\"en\"\/><\/form>\n<\/div>\n<\/div>\n            <\/div>\t\t\t\t<\/div>\n\t\t\t\t<\/div>\n\t\t\t\t\t<\/div>\n\t\t<\/div>\n\t\t\t\t\t<\/div>\n\t\t<\/section>\n\t\t\t\t<section class=\"elementor-section elementor-top-section elementor-element elementor-element-86191c5 cs-animation-small-offset elementor-section-boxed elementor-section-height-default elementor-section-height-default elementor-invisible\" data-id=\"86191c5\" data-element_type=\"section\" data-settings=\"{&quot;animation&quot;:&quot;fadeInUp&quot;,&quot;animation_delay&quot;:150}\">\n\t\t\t\t\t\t<div class=\"elementor-container elementor-column-gap-no\">\n\t\t\t\t\t<div class=\"elementor-column elementor-col-50 elementor-top-column elementor-element elementor-element-33b28b2\" data-id=\"33b28b2\" data-element_type=\"column\">\n\t\t\t<div class=\"elementor-widget-wrap elementor-element-populated\">\n\t\t\t\t\t\t<div class=\"elementor-element elementor-element-7f10965 elementor-widget elementor-widget-cs_title\" data-id=\"7f10965\" data-element_type=\"widget\" data-widget_type=\"cs_title.default\">\n\t\t\t\t<div class=\"elementor-widget-container\">\n\t\t\t\t\t\n        <div class=\"cs-title-wrap text-center\">\t            <div class=\"cs-subtitle-wrap\"><span class=\"cs-subtitle\">General inquiries<\/span><\/div>\t            <h6 class=\"cs-title\">\n\t                Reception\t            <\/h6>\t            <div class=\"cs-title-text\">\n\t                <p><span class=\"list-content\">Opening hours: 24\/7<br \/>Phone: <a href=\"tel:+221338271717\"><span class=\"elementor-icon-list-text\">+221 33 827 17 17 \/ +221 33 827 17 37<\/span><\/a><br \/><span class=\"elementor-icon-list-text\">Mobile : <\/span><a href=\"tel:+221784613917\"><span class=\"elementor-icon-list-text\">+221 78 461 39 17<\/span><\/a><br \/>Email : <a href=\"mailto:reception@ladressedakar.com\">reception@ladressedakar.com<\/a><\/span><\/p>\t            <\/div>                <div class=\"cs-title-btn\">\n                    <a class=\"button elementor-button-link cs-btn-underline\" role=\"button\" href=\"https:\/\/maps.app.goo.gl\/7butPEbPpcERkkFm8\" target=\"_blank\">\n                        <span class=\"cs-btn-text\">Get directions<\/span>                    <\/a>\n                <\/div>\n                    <\/div>\t\t\t\t<\/div>\n\t\t\t\t<\/div>\n\t\t\t\t\t<\/div>\n\t\t<\/div>\n\t\t\t\t<div class=\"elementor-column elementor-col-50 elementor-top-column elementor-element elementor-element-f0d8fae\" data-id=\"f0d8fae\" data-element_type=\"column\">\n\t\t\t<div class=\"elementor-widget-wrap elementor-element-populated\">\n\t\t\t\t\t\t<div class=\"elementor-element elementor-element-0c5aba6 elementor-widget elementor-widget-cs_title\" data-id=\"0c5aba6\" data-element_type=\"widget\" data-widget_type=\"cs_title.default\">\n\t\t\t\t<div class=\"elementor-widget-container\">\n\t\t\t\t\t\n        <div class=\"cs-title-wrap text-center\">\t            <div class=\"cs-subtitle-wrap\"><span class=\"cs-subtitle\">Booking requests<\/span><\/div>\t            <h6 class=\"cs-title\">\n\t                Booking service\t            <\/h6>\t            <div class=\"cs-title-text\">\n\t                <p><span class=\"list-content\">Address: Almadies Zone 7 Dakar, S\u00e9n\u00e9gal<br \/>Phone: <a href=\"tel:+221338271717\"><span class=\"elementor-icon-list-text\">+221 33 827 17 17 \/ +221 33 827 17 37<\/span><\/a><br \/><span class=\"elementor-icon-list-text\">Mobile :<\/span><a href=\"tel:+221784613917\"><span class=\"elementor-icon-list-text\"> +221 78 461 39 17<\/span><\/a><br \/>Email: reservation@ladressedakar.com<\/span><\/p>\t            <\/div>                <div class=\"cs-title-btn\">\n                    <a class=\"button elementor-button-link cs-btn-underline\" role=\"button\" href=\"https:\/\/maps.app.goo.gl\/7butPEbPpcERkkFm8\" target=\"_blank\">\n                        <span class=\"cs-btn-text\">Get directions<\/span>                    <\/a>\n                <\/div>\n                    <\/div>\t\t\t\t<\/div>\n\t\t\t\t<\/div>\n\t\t\t\t\t<\/div>\n\t\t<\/div>\n\t\t\t\t\t<\/div>\n\t\t<\/section>\n\t\t\t\t<section class=\"elementor-section elementor-top-section elementor-element elementor-element-6184b1f elementor-section-full_width elementor-section-height-min-height cs-animation-small-offset elementor-section-height-default elementor-section-items-middle elementor-invisible\" data-id=\"6184b1f\" data-element_type=\"section\" data-settings=\"{&quot;background_background&quot;:&quot;classic&quot;,&quot;animation&quot;:&quot;fadeInUp&quot;,&quot;animation_delay&quot;:150}\">\n\t\t\t\t\t\t\t<div class=\"elementor-background-overlay\"><\/div>\n\t\t\t\t\t\t\t<div class=\"elementor-container elementor-column-gap-no\">\n\t\t\t\t\t<div class=\"elementor-column elementor-col-100 elementor-top-column elementor-element elementor-element-33907c8\" data-id=\"33907c8\" data-element_type=\"column\">\n\t\t\t<div class=\"elementor-widget-wrap\">\n\t\t\t\t\t\t\t<\/div>\n\t\t<\/div>\n\t\t\t\t\t<\/div>\n\t\t<\/section>\n\t\t\t\t<\/div>","protected":false},"excerpt":{"rendered":"<p>Contact Pour les r\u00e9servations et les demandes de renseignements, veuillez nous appeler ou nous \u00e9crire. CONTACTEZ-NOUS POUR PLUS DE D\u00c9TAILS Votre Nom Votre email Sujet Votre message Demandes g\u00e9n\u00e9rales R\u00e9ception Horaires d&rsquo;ouverture : 24h\/24, 7J\/7T\u00e9l\u00e9phone : +221 33 827 17 17 \/ +221 33 827 17 37Mobile : +221 78 461 39 17Email : reception@ladressedakar.com &#8230;<\/p>","protected":false},"author":1,"featured_media":0,"parent":0,"menu_order":0,"comment_status":"closed","ping_status":"closed","template":"template-wide-content.php","meta":{"cozystay_single_page_hide_site_header":"","cozystay_single_page_site_header_source":"","cozystay_single_page_custom_site_header":"0","cozystay_single_page_custom_sticky_site_header":"0","cozystay_single_page_hide_page_title":"on","cozystay_single_page_header_section_size":"","cozystay_single_page_header_background_color":"","cozystay_single_page_header_background_position_x":"center","cozystay_single_page_header_background_position_y":"center","cozystay_single_page_header_background_size":"cover","cozystay_single_page_header_background_repeat":"off","cozystay_single_page_header_background_scroll":"on","cozystay_single_page_header_text_color":"","cozystay_single_page_header_show_breadcrumb":"","cozystay_single_page_site_footer_hide_main":"","cozystay_single_custom_site_footer_main_source":"","cozystay_single_custom_site_footer_main":"0","cozystay_single_page_site_footer_hide_above":"","cozystay_single_custom_site_footer_above_source":"","cozystay_single_custom_site_footer_above":"0","cozystay_single_page_site_footer_hide_instagram":"","cozystay_single_page_site_footer_hide_bottom":"","cozystay_single_custom_mobile_menu_source":"","cozystay_single_custom_mobile_menu":"0","cozystay_single_custom_mobile_menu_animation":"","cozystay_single_custom_mobile_menu_width":"","cozystay_single_custom_mobile_menu_custom_width":375,"footnotes":""},"class_list":["post-2495","page","type-page","status-publish","hentry"],"yoast_head":"<!-- This site is optimized with the Yoast SEO plugin v26.2 - https:\/\/yoast.com\/wordpress\/plugins\/seo\/ -->\n<title>Contact - H\u00f4tel \u00e0 Dakar \u2013 L\u2019Adresse Dakar | H\u00f4tel aux Almadies avec Restaurant &amp; Bar Rooftop<\/title>\n<meta name=\"robots\" content=\"index, follow, max-snippet:-1, max-image-preview:large, max-video-preview:-1\" \/>\n<link rel=\"canonical\" href=\"https:\/\/ladressedakar.com\/en\/contact\/\" \/>\n<meta property=\"og:locale\" content=\"en_US\" \/>\n<meta property=\"og:type\" content=\"article\" \/>\n<meta property=\"og:title\" content=\"Contact - H\u00f4tel \u00e0 Dakar \u2013 L\u2019Adresse Dakar | H\u00f4tel aux Almadies avec Restaurant &amp; Bar Rooftop\" \/>\n<meta property=\"og:description\" content=\"Contact Pour les r\u00e9servations et les demandes de renseignements, veuillez nous appeler ou nous \u00e9crire. CONTACTEZ-NOUS POUR PLUS DE D\u00c9TAILS Votre Nom Votre email Sujet Votre message Demandes g\u00e9n\u00e9rales R\u00e9ception Horaires d&rsquo;ouverture : 24h\/24, 7J\/7T\u00e9l\u00e9phone : +221 33 827 17 17 \/ +221 33 827 17 37Mobile : +221 78 461 39 17Email : reception@ladressedakar.com ...\" \/>\n<meta property=\"og:url\" content=\"https:\/\/ladressedakar.com\/en\/contact\/\" \/>\n<meta property=\"og:site_name\" content=\"H\u00f4tel \u00e0 Dakar \u2013 L\u2019Adresse Dakar | H\u00f4tel aux Almadies avec Restaurant &amp; Bar Rooftop\" \/>\n<meta property=\"article:publisher\" content=\"https:\/\/www.facebook.com\/Hotelladressedakar\" \/>\n<meta property=\"article:modified_time\" content=\"2024-06-03T11:29:55+00:00\" \/>\n<meta property=\"og:image\" content=\"https:\/\/ladressedakar.com\/wp-content\/uploads\/2024\/05\/DSC_3815.jpg\" \/>\n\t<meta property=\"og:image:width\" content=\"1920\" \/>\n\t<meta property=\"og:image:height\" content=\"1282\" \/>\n\t<meta property=\"og:image:type\" content=\"image\/jpeg\" \/>\n<meta name=\"twitter:card\" content=\"summary_large_image\" \/>\n<meta name=\"twitter:label1\" content=\"Est. reading time\" \/>\n\t<meta name=\"twitter:data1\" content=\"1 minute\" \/>\n<script type=\"application\/ld+json\" class=\"yoast-schema-graph\">{\"@context\":\"https:\/\/schema.org\",\"@graph\":[{\"@type\":\"WebPage\",\"@id\":\"https:\/\/ladressedakar.com\/contact\/\",\"url\":\"https:\/\/ladressedakar.com\/contact\/\",\"name\":\"Contact - H\u00f4tel \u00e0 Dakar \u2013 L\u2019Adresse Dakar | H\u00f4tel aux Almadies avec Restaurant &amp; Bar Rooftop\",\"isPartOf\":{\"@id\":\"https:\/\/ladressedakar.com\/#website\"},\"datePublished\":\"2023-04-24T04:44:41+00:00\",\"dateModified\":\"2024-06-03T11:29:55+00:00\",\"breadcrumb\":{\"@id\":\"https:\/\/ladressedakar.com\/contact\/#breadcrumb\"},\"inLanguage\":\"en-US\",\"potentialAction\":[{\"@type\":\"ReadAction\",\"target\":[\"https:\/\/ladressedakar.com\/contact\/\"]}]},{\"@type\":\"BreadcrumbList\",\"@id\":\"https:\/\/ladressedakar.com\/contact\/#breadcrumb\",\"itemListElement\":[{\"@type\":\"ListItem\",\"position\":1,\"name\":\"Home\",\"item\":\"https:\/\/ladressedakar.com\/\"},{\"@type\":\"ListItem\",\"position\":2,\"name\":\"Contact\"}]},{\"@type\":\"WebSite\",\"@id\":\"https:\/\/ladressedakar.com\/#website\",\"url\":\"https:\/\/ladressedakar.com\/\",\"name\":\"H\u00f4tel \u00e0 Dakar \u2013 L\u2019Adresse Dakar | H\u00f4tel aux Almadies avec Restaurant & Rooftop\",\"description\":\"Ethno-Chic H\u00f4tel Almadies Dakar\",\"publisher\":{\"@id\":\"https:\/\/ladressedakar.com\/#organization\"},\"potentialAction\":[{\"@type\":\"SearchAction\",\"target\":{\"@type\":\"EntryPoint\",\"urlTemplate\":\"https:\/\/ladressedakar.com\/?s={search_term_string}\"},\"query-input\":{\"@type\":\"PropertyValueSpecification\",\"valueRequired\":true,\"valueName\":\"search_term_string\"}}],\"inLanguage\":\"en-US\"},{\"@type\":\"Organization\",\"@id\":\"https:\/\/ladressedakar.com\/#organization\",\"name\":\"L'Adresse Dakar 4* H\u00f4tel - Restaurant - Bar rooftop\",\"url\":\"https:\/\/ladressedakar.com\/\",\"logo\":{\"@type\":\"ImageObject\",\"inLanguage\":\"en-US\",\"@id\":\"https:\/\/ladressedakar.com\/#\/schema\/logo\/image\/\",\"url\":\"https:\/\/ladressedakar.com\/wp-content\/uploads\/2024\/06\/logofavicon-modified.png\",\"contentUrl\":\"https:\/\/ladressedakar.com\/wp-content\/uploads\/2024\/06\/logofavicon-modified.png\",\"width\":1096,\"height\":1096,\"caption\":\"L'Adresse Dakar 4* H\u00f4tel - Restaurant - Bar rooftop\"},\"image\":{\"@id\":\"https:\/\/ladressedakar.com\/#\/schema\/logo\/image\/\"},\"sameAs\":[\"https:\/\/www.facebook.com\/Hotelladressedakar\",\"https:\/\/www.instagram.com\/ladressedakar\/\"]}]}<\/script>\n<!-- \/ Yoast SEO plugin. -->","yoast_head_json":{"title":"Contact - H\u00f4tel \u00e0 Dakar \u2013 L\u2019Adresse Dakar | H\u00f4tel aux Almadies avec Restaurant &amp; Bar Rooftop","robots":{"index":"index","follow":"follow","max-snippet":"max-snippet:-1","max-image-preview":"max-image-preview:large","max-video-preview":"max-video-preview:-1"},"canonical":"https:\/\/ladressedakar.com\/en\/contact\/","og_locale":"en_US","og_type":"article","og_title":"Contact - H\u00f4tel \u00e0 Dakar \u2013 L\u2019Adresse Dakar | H\u00f4tel aux Almadies avec Restaurant &amp; Bar Rooftop","og_description":"Contact Pour les r\u00e9servations et les demandes de renseignements, veuillez nous appeler ou nous \u00e9crire. CONTACTEZ-NOUS POUR PLUS DE D\u00c9TAILS Votre Nom Votre email Sujet Votre message Demandes g\u00e9n\u00e9rales R\u00e9ception Horaires d&rsquo;ouverture : 24h\/24, 7J\/7T\u00e9l\u00e9phone : +221 33 827 17 17 \/ +221 33 827 17 37Mobile : +221 78 461 39 17Email : reception@ladressedakar.com ...","og_url":"https:\/\/ladressedakar.com\/en\/contact\/","og_site_name":"H\u00f4tel \u00e0 Dakar \u2013 L\u2019Adresse Dakar | H\u00f4tel aux Almadies avec Restaurant &amp; Bar Rooftop","article_publisher":"https:\/\/www.facebook.com\/Hotelladressedakar","article_modified_time":"2024-06-03T11:29:55+00:00","og_image":[{"width":1920,"height":1282,"url":"https:\/\/ladressedakar.com\/wp-content\/uploads\/2024\/05\/DSC_3815.jpg","type":"image\/jpeg"}],"twitter_card":"summary_large_image","twitter_misc":{"Est. reading time":"1 minute"},"schema":{"@context":"https:\/\/schema.org","@graph":[{"@type":"WebPage","@id":"https:\/\/ladressedakar.com\/contact\/","url":"https:\/\/ladressedakar.com\/contact\/","name":"Contact - H\u00f4tel \u00e0 Dakar \u2013 L\u2019Adresse Dakar | H\u00f4tel aux Almadies avec Restaurant &amp; Bar Rooftop","isPartOf":{"@id":"https:\/\/ladressedakar.com\/#website"},"datePublished":"2023-04-24T04:44:41+00:00","dateModified":"2024-06-03T11:29:55+00:00","breadcrumb":{"@id":"https:\/\/ladressedakar.com\/contact\/#breadcrumb"},"inLanguage":"en-US","potentialAction":[{"@type":"ReadAction","target":["https:\/\/ladressedakar.com\/contact\/"]}]},{"@type":"BreadcrumbList","@id":"https:\/\/ladressedakar.com\/contact\/#breadcrumb","itemListElement":[{"@type":"ListItem","position":1,"name":"Home","item":"https:\/\/ladressedakar.com\/"},{"@type":"ListItem","position":2,"name":"Contact"}]},{"@type":"WebSite","@id":"https:\/\/ladressedakar.com\/#website","url":"https:\/\/ladressedakar.com\/","name":"H\u00f4tel \u00e0 Dakar \u2013 L\u2019Adresse Dakar | H\u00f4tel aux Almadies avec Restaurant & Rooftop","description":"Ethno-Chic H\u00f4tel Almadies Dakar","publisher":{"@id":"https:\/\/ladressedakar.com\/#organization"},"potentialAction":[{"@type":"SearchAction","target":{"@type":"EntryPoint","urlTemplate":"https:\/\/ladressedakar.com\/?s={search_term_string}"},"query-input":{"@type":"PropertyValueSpecification","valueRequired":true,"valueName":"search_term_string"}}],"inLanguage":"en-US"},{"@type":"Organization","@id":"https:\/\/ladressedakar.com\/#organization","name":"L'Adresse Dakar 4* H\u00f4tel - Restaurant - Bar rooftop","url":"https:\/\/ladressedakar.com\/","logo":{"@type":"ImageObject","inLanguage":"en-US","@id":"https:\/\/ladressedakar.com\/#\/schema\/logo\/image\/","url":"https:\/\/ladressedakar.com\/wp-content\/uploads\/2024\/06\/logofavicon-modified.png","contentUrl":"https:\/\/ladressedakar.com\/wp-content\/uploads\/2024\/06\/logofavicon-modified.png","width":1096,"height":1096,"caption":"L'Adresse Dakar 4* H\u00f4tel - Restaurant - Bar rooftop"},"image":{"@id":"https:\/\/ladressedakar.com\/#\/schema\/logo\/image\/"},"sameAs":["https:\/\/www.facebook.com\/Hotelladressedakar","https:\/\/www.instagram.com\/ladressedakar\/"]}]}},"_links":{"self":[{"href":"https:\/\/ladressedakar.com\/en\/wp-json\/wp\/v2\/pages\/2495","targetHints":{"allow":["GET"]}}],"collection":[{"href":"https:\/\/ladressedakar.com\/en\/wp-json\/wp\/v2\/pages"}],"about":[{"href":"https:\/\/ladressedakar.com\/en\/wp-json\/wp\/v2\/types\/page"}],"author":[{"embeddable":true,"href":"https:\/\/ladressedakar.com\/en\/wp-json\/wp\/v2\/users\/1"}],"replies":[{"embeddable":true,"href":"https:\/\/ladressedakar.com\/en\/wp-json\/wp\/v2\/comments?post=2495"}],"version-history":[{"count":0,"href":"https:\/\/ladressedakar.com\/en\/wp-json\/wp\/v2\/pages\/2495\/revisions"}],"wp:attachment":[{"href":"https:\/\/ladressedakar.com\/en\/wp-json\/wp\/v2\/media?parent=2495"}],"curies":[{"name":"wp","href":"https:\/\/api.w.org\/{rel}","templated":true}]}}